{"id":5,"date":"2016-02-10T17:56:18","date_gmt":"2016-02-10T17:56:18","guid":{"rendered":"http:\/\/gaiaeatsafelyliguria.wordpress.com\/?page_id=1"},"modified":"2016-04-08T11:14:29","modified_gmt":"2016-04-08T09:14:29","slug":"info","status":"publish","type":"page","link":"http:\/\/gaiaeatsafely.it\/?page_id=5","title":{"rendered":"Chi siamo"},"content":{"rendered":"<p><\/p>\n<h4>Il Cluster GAIA<\/h4>\n<h6><a href=\"http:\/\/www.federasmaeallergie.org\">FederASMA e ALLERGIE Onlus<\/a><\/h6>\n<p><img loading=\"lazy\" class=\"wp-image-268 alignright\" src=\"http:\/\/gaiaeatsafely.it\/wp-content\/uploads\/2016\/02\/FederASMA-Onlus-1-300x121.png\" alt=\"FederASMA ALLERGIE\" width=\"198\" height=\"80\" srcset=\"http:\/\/gaiaeatsafely.it\/wp-content\/uploads\/2016\/02\/FederASMA-Onlus-1-300x121.png 300w, http:\/\/gaiaeatsafely.it\/wp-content\/uploads\/2016\/02\/FederASMA-Onlus-1-768x311.png 768w, http:\/\/gaiaeatsafely.it\/wp-content\/uploads\/2016\/02\/FederASMA-Onlus-1-772x313.png 772w, http:\/\/gaiaeatsafely.it\/wp-content\/uploads\/2016\/02\/FederASMA-Onlus-1-314x127.png 314w, http:\/\/gaiaeatsafely.it\/wp-content\/uploads\/2016\/02\/FederASMA-Onlus-1.png 820w\" sizes=\"(max-width: 198px) 100vw, 198px\" \/><\/p>\n<p>Federazione Italiana Pazienti, \u00e8 un\u2019organizzazione non lucrativa di utilit\u00e0 sociale che dal 1994 riunisce le principali Associazioni italiane di pazienti che sostengono la lotta all\u2019asma e alle malattie allergiche, attiva, con numerose associazioni territoriali affiliate, in azioni di tutela dei pazienti. L\u2019informazione, la gestione ed il controllo della malattia sono i tre punti essenziali per la tutela del paziente asmatico e allergico; per questo FederASMA e ALLERGIE Onlus \u00e8 impegnata costantemente nel promuovere iniziative volte a sollecitare le Istituzioni per conseguire decisioni politico-sanitarie e sociali a tutela dei pazienti affetti da queste patologie.<\/p>\n<h6><a href=\"http:\/\/www.associazioneligureallergici.it\/\">ASSOCIAZIONE LIGURE ALLERGICI (ALA)<\/a><\/h6>\n<p><img loading=\"lazy\" class=\"wp-image-258 alignright\" src=\"http:\/\/gaiaeatsafely.it\/wp-content\/uploads\/2016\/02\/ALA-1-300x56.png\" alt=\"ALA\" width=\"204\" height=\"38\" srcset=\"http:\/\/gaiaeatsafely.it\/wp-content\/uploads\/2016\/02\/ALA-1-300x56.png 300w, http:\/\/gaiaeatsafely.it\/wp-content\/uploads\/2016\/02\/ALA-1-314x58.png 314w, http:\/\/gaiaeatsafely.it\/wp-content\/uploads\/2016\/02\/ALA-1.png 630w\" sizes=\"(max-width: 204px) 100vw, 204px\" \/><\/p>\n<p>Costituita nel 2003, \u00e8 un\u2019organizzazione di volontariato, iscritta nell&#8217;apposito Registro della Regione Liguria. Oltre agli iscritti, fanno riferimento all\u2019Associazione non solo le migliaia di pazienti che frequentano annualmente le strutture pubbliche presenti in Liguria, ma tutti coloro che sono interessati a risolvere i problemi della vita quotidiana che devono affrontare gli allergici e\/o i loro genitori.<\/p>\n<h6 align=\"justify\"><a href=\"http:\/\/www.aicliguria.it\/\">Associazione Italiana Celiachia<\/a><\/h6>\n<p align=\"justify\"><img loading=\"lazy\" class=\" wp-image-257 alignright\" src=\"http:\/\/gaiaeatsafely.it\/wp-content\/uploads\/2016\/02\/AIC_Logo_Liguria_COLORE-1-300x83.jpg\" alt=\"AIC\" width=\"199\" height=\"55\" srcset=\"http:\/\/gaiaeatsafely.it\/wp-content\/uploads\/2016\/02\/AIC_Logo_Liguria_COLORE-1-300x83.jpg 300w, http:\/\/gaiaeatsafely.it\/wp-content\/uploads\/2016\/02\/AIC_Logo_Liguria_COLORE-1-314x87.jpg 314w, http:\/\/gaiaeatsafely.it\/wp-content\/uploads\/2016\/02\/AIC_Logo_Liguria_COLORE-1.jpg 455w\" sizes=\"(max-width: 199px) 100vw, 199px\" \/>L\u2019Associazione Italiana Celiachia ha sempre individuato nella diffusione della conoscenza della celiachia e dell\u2019alimentazione senza glutine lo strumento per rimuovere le difficolt\u00e0 che il celiaco incontra nella propria quotidianit\u00e0.<\/p>\n<h6 align=\"justify\"><a href=\"http:\/\/www.izsto.it\/\">Istituto Zooprofilattico Sperimentale<\/a><\/h6>\n<p align=\"justify\"><img loading=\"lazy\" class=\"wp-image-271 alignright\" src=\"http:\/\/gaiaeatsafely.it\/wp-content\/uploads\/2016\/02\/izsto_0-1-300x92.png\" alt=\"izsto_0\" width=\"196\" height=\"60\" srcset=\"http:\/\/gaiaeatsafely.it\/wp-content\/uploads\/2016\/02\/izsto_0-1-300x92.png 300w, http:\/\/gaiaeatsafely.it\/wp-content\/uploads\/2016\/02\/izsto_0-1-314x96.png 314w, http:\/\/gaiaeatsafely.it\/wp-content\/uploads\/2016\/02\/izsto_0-1.png 344w\" sizes=\"(max-width: 196px) 100vw, 196px\" \/>L&#8217;Istituto Zooprofilattico Sperimentale del Piemonte, Liguria e Valle d&#8217;Aosta fornisce prodotti e servizi per difendere la salute del cittadino attraverso la sicurezza degli alimenti e la salute degli animali che li producono.<br \/>\nIl portale dell&#8217;Istituto Zooprofilattico Sperimentale del Piemonte, Liguria e Valle d\u2019Aosta denominato IZSAlimenTO fornisce a tutti i cittadini informazioni relative alla sicurezza alimentare, risposte a quesiti su come conservare un alimento o su cosa fare in caso di dubbio sulla sicurezza di un prodotto e tratta alcune curiosit\u00e0 legate all\u2019alimentazione.<\/p>\n<h6 align=\"justify\"><a href=\"http:\/\/www.ospedalesanmartino.it\/\">IRCCS SAN MARINO- UOC ALLERGOLOGIA<\/a><\/h6>\n<p align=\"justify\"><img loading=\"lazy\" class=\"wp-image-270 alignright\" src=\"http:\/\/gaiaeatsafely.it\/wp-content\/uploads\/2016\/02\/IRCCS-San-martino-1.jpg\" alt=\"UOC Allergologia IRCCS San Martino - IST Genova\" width=\"198\" height=\"67\" \/>L\u2019 Unit\u00e0 Operativa Complessa di Allergologia insieme alla Associazione Ligure Allergici- ALA, sono stati i promotori delle azioni in favore dei soggetti con allergia alimentare, ed hanno creduto nel ruolo basilare della scuola nel creare cultura su argomenti nuovi, dando inizio alla collaborazione con l\u2019Istituto Marco Polo ed alla successiva costituzione di GAIA.<br \/>\n<strong>Referente per il progetto:<\/strong> Dott.ssa Paola Minale<br \/>\n<strong>Collaboratrice del progetto:<\/strong> Dottoranda in Biologia Dott.ssa Claudia Arcuri<br \/>\nATTIVITA\u2019: prevenzione, diagnosi e gestione della terapia dei soggetti affetti da allergie respiratorie, cutanee, da farmaci, da alimenti, da puntura di insetti (Imenotteri)<br \/>\nVengono trattate le malattie allergiche indotte dai diversi allergeni ( da inalazione, alimenti, farmaci, additivi, sostanze da contatto), nelle varie modalit\u00e0 di presentazione clinica: allergie respiratorie, orticaria\u2013angioedema, eczema atopico e da contatto, allergie da puntura di imenotteri ed anafilassi da qualsiasi causa.<br \/>\nPer la diagnosi differenziale e la gestione di sindromi che richiedono un approccio multi disciplinare esistono protocolli interdipartimentali<br \/>\nIn particolare per le allergie ed intolleranze alimentari, esiste uno specifico percorso diagnostico che prevede test allergologici, visita dietistica, visita gastroenterologica, studio delle intolleranze a lattosio e della sindrome da overgrowth batterica intestinale mediante Breath test mirati, con successiva terapia mirata e supporto psicologico.<\/p>\n<h6 align=\"justify\"><a href=\"https:\/\/www.unige.it\/\">UNIVERSITA\u2019 degli STUDI di GENOVA &#8211; LABORATORIO di EPIDEMIOLOGIA degli ALIMENTI<\/a><\/h6>\n<p align=\"justify\"><img loading=\"lazy\" class=\"wp-image-308 alignright\" src=\"http:\/\/gaiaeatsafely.it\/wp-content\/uploads\/2016\/02\/universita-genova-300x181.jpeg\" alt=\"universita-genova\" width=\"134\" height=\"81\" srcset=\"http:\/\/gaiaeatsafely.it\/wp-content\/uploads\/2016\/02\/universita-genova-300x181.jpeg 300w, http:\/\/gaiaeatsafely.it\/wp-content\/uploads\/2016\/02\/universita-genova-314x189.jpeg 314w, http:\/\/gaiaeatsafely.it\/wp-content\/uploads\/2016\/02\/universita-genova.jpeg 640w\" sizes=\"(max-width: 134px) 100vw, 134px\" \/>Il \u201claboratorio di epidemiologia degli alimenti\u201d del Dipartimento di Scienze della Salute dell\u2019Universit\u00e0 di Genova svolge molteplici attivit\u00e0 di tipo formativo, di laboratorio e di ricerca.<\/p>\n<p><strong>Formazione:<\/strong><br \/>\nNell\u2019ambito dei Corsi di Laurea di Biologia, Medicina e Farmacia<br \/>\nNell\u2019ambito della Scuola di Specializzazione in Igiene e Medicina Preventiva<br \/>\nNell\u2019ambito di Master e corsi di perfezionamento sulla Sicurezza Alimentare<br \/>\nNell\u2019ambito di corsi per altre figure professionali Organizza da diversi anni un evento all\u2019interno del GMA della FAO su temi di \u201cQualit\u00e0 degli Alimenti, Nutrizione e Salute\u201d<\/p>\n<p><strong>Laboratorio:<\/strong><br \/>\nValutazione della qualit\u00e0 e delle caratteristiche nutrizionali dei prodotti alimentari.<br \/>\nValutazione della contaminazione alimentare, identificazione e quantificazione di micro-inquinanti, di allergeni e di patogeni emergenti.<br \/>\nMonitoraggio e analisi della resistenza agli antimicrobici nella filiera alimentare.<br \/>\nSviluppo di metodiche biomolecolari per la valutazione dei contaminanti alimentari.<br \/>\nMonitoraggio microbiologico e micologico ambientale delle industrie alimentari (superfici, aria, impianto di condizionamento).<\/p>\n<p><strong>Ricerca:<\/strong><br \/>\nValutazione della nutrizione nell\u2019anziano<br \/>\nStudi epidemiologici sulla prevalenza delle allergie ed intolleranze alimentari<br \/>\nPartecipazione a gruppi di lavoro DCA<br \/>\nProblematiche igieniche nella filiera alimentar ed i loro riflessi sulla salute umana.<\/p>\n<h6><a href=\"http:\/\/www.ge.camcom.it\">CAMERA DI COMMERCIO DI GENOVA<\/a><\/h6>\n<p><img loading=\"lazy\" class=\"wp-image-262 alignright\" src=\"http:\/\/gaiaeatsafely.it\/wp-content\/uploads\/2016\/02\/Camera-di-Commercio-1.png\" alt=\"Camera di Commercio Genova\" width=\"205\" height=\"56\" \/>La Camera di Commercio ha sviluppato una sempre maggiore esperienza nel campo della certificazione dei prodotti di qualit\u00e0: all&#8217;inizio sui vini DOC (Denominazione di Origine Controllata), in seguito sulle DOP (Denominazione di Origine Protetta), IGP (Indicazione Geografica Protetta) e sui MCG (Marchi Collettivi Geografici) riconosciuti.<br \/>\nLa certificazione dei prodotti avviene attraverso controlli documentali e ispettivi sui terreni e sul metodo di coltivazione, controlli sul mantenimento della produzione all&#8217;interno delle rese produttive previste nei relativi disciplinari e controlli sui prodotti, attraverso esami chimico-fisici ed organolettici.<br \/>\nInfine, per i prodotti di qualit\u00e0 del territorio genovese \u00e8 stato realizzato dalla Camera di Commercio, il marchio collettivo geografico Gusta Genova e per l&#8217;eccellenza nella ristorazione il marchio collettivo geografico Genova Gourmet, ormai esteso a diventare Liguria Gourmet; proprio i ristoranti aderenti a tale marchio di qualit\u00e0 sono stati per primi coinvolti nella formazione sul tema delle allergie,intolleranze e celiachia, con l\u2019intento di creare una rete di qualit\u00e0 anche disponibile mediante link informatici per il pubblico italiano e straniero.<\/p>\n<h6 align=\"justify\"><a href=\"http:\/\/www.comune.genova.it\/\">COMUNE DI GENOVA-ASL3<\/a><\/h6>\n<p align=\"justify\"><img loading=\"lazy\" class=\"wp-image-218 alignright\" src=\"http:\/\/gaiaeatsafely.it\/wp-content\/uploads\/2016\/02\/Comune-di-Genova.png\" alt=\"Comune di Genova\" width=\"122\" height=\"136\" srcset=\"http:\/\/gaiaeatsafely.it\/wp-content\/uploads\/2016\/02\/Comune-di-Genova.png 228w, http:\/\/gaiaeatsafely.it\/wp-content\/uploads\/2016\/02\/Comune-di-Genova-172x192.png 172w\" sizes=\"(max-width: 122px) 100vw, 122px\" \/>Il Comune di Genova fornisce all\u2019intero Sistema Educativo Integrato uno strumento operativo il pi\u00f9 possibile completo e insieme agile; ha elaborato la predisposizione di Linee Guida della Ristorazione che permettono di mettere in atto procedure condivise per l\u2019erogazione di diete sanitarie, garantendo la sicurezza degli alunni che frequentano le mense scolastiche. L\u2019utilit\u00e0 e l\u2019efficacia di tale strumento si misura nella realt\u00e0 quotidiana delle scuole in una logica di costante monitoraggio e miglioramento, che solo lo scambio continuo tra i soggetti coinvolti pu\u00f2 garantire.<br \/>\nPer la realizzazione delle suddette Linee Guida l\u2019Ente si \u00e8 avvalso della collaborazione di molteplici professionalit\u00e0, con istituendo un Comitato Tecnico Scientifico della Ristorazione. Nel 2007 \u00e8 nato un \u201cProtocollo d\u2019Intesa\u201d, mirato alla salute del bambino\/bambina affetti da allergie gravi a rischio vita (rischio anafilassi), che deve essere tutelato per l\u2019intero arco della sua giornata scolastica, e non solo nei momenti di fruizione del pasto, garantendo inoltre la somministrazione di adrenalina autoiniettabile, con la stesura delle Linee Guida Somministrazione Farmaci Salvavita.<\/p>\n<h6 align=\"justify\"><a href=\"http:\/\/www.marcopolo.gov.it\">ISTITUTO ALBERGHIERO \u201cM.POLO\u201d<\/a><\/h6>\n<p align=\"justify\"><img loading=\"lazy\" class=\"wp-image-274 alignright\" src=\"http:\/\/gaiaeatsafely.it\/wp-content\/uploads\/2016\/02\/Logo-marcopolo-1.jpg\" alt=\"I.P.Alberghiero di Stato &quot;Marco Polo&quot; Genova\" width=\"99\" height=\"125\" srcset=\"http:\/\/gaiaeatsafely.it\/wp-content\/uploads\/2016\/02\/Logo-marcopolo-1.jpg 237w, http:\/\/gaiaeatsafely.it\/wp-content\/uploads\/2016\/02\/Logo-marcopolo-1-152x192.jpg 152w\" sizes=\"(max-width: 99px) 100vw, 99px\" \/>L\u2019Istituto Marco Polo \u00e8 immerso nel tessuto sociale e nel territorio di Genova e Provincia.<br \/>\nCollabora con Istituzioni, Universit\u00e0, Associazioni Scientifiche e culturali prestando l&#8217;opera degli alunni e insegnanti alla realizzazione di eventi pubblici come inaugurazioni, convegni scientifici sia esterni che interni all\u2019Istituto, manifestazioni gastronomiche. Compito dell\u2019IPSOE \u201cMarco Polo\u201d, infatti, \u00e8 s\u00ec quello di dare una solida preparazione scolastica professionale, ma anche una preparazione culturale di base che dia allo studente pi\u00f9 possibilit\u00e0 di spendere nel mondo del lavoro le proprie capacit\u00e0. La Scuola promuove se stessa, nelle sue funzioni generali e specificamente professionali, attraverso una serie di attivit\u00e0 di integrazione nel territorio tra le quali la convenzione con Unige, facolt\u00e0 di dietistica, con IZPL . Con tali attivit\u00e0 essa non diventa solamente \u2018fornitrice di servizi\u2019, ma assume una funzione propositrice nei confronti delle Istituzioni con cui collabora.<\/p>\n<h6 align=\"justify\"><a href=\"http:\/\/www.e-coop.it\/coop-liguria\">COOP LIGURIA<\/a><\/h6>\n<p align=\"justify\"><img loading=\"lazy\" class=\"wp-image-255 alignright\" src=\"http:\/\/gaiaeatsafely.it\/wp-content\/uploads\/2016\/02\/0-logo-coop-liguria-istituz-1-300x175.jpg\" alt=\"0-logo-coop-liguria-istituz\" width=\"154\" height=\"90\" srcset=\"http:\/\/gaiaeatsafely.it\/wp-content\/uploads\/2016\/02\/0-logo-coop-liguria-istituz-1-300x175.jpg 300w, http:\/\/gaiaeatsafely.it\/wp-content\/uploads\/2016\/02\/0-logo-coop-liguria-istituz-1-768x447.jpg 768w, http:\/\/gaiaeatsafely.it\/wp-content\/uploads\/2016\/02\/0-logo-coop-liguria-istituz-1-1024x596.jpg 1024w, http:\/\/gaiaeatsafely.it\/wp-content\/uploads\/2016\/02\/0-logo-coop-liguria-istituz-1-772x449.jpg 772w, http:\/\/gaiaeatsafely.it\/wp-content\/uploads\/2016\/02\/0-logo-coop-liguria-istituz-1-1230x716.jpg 1230w, http:\/\/gaiaeatsafely.it\/wp-content\/uploads\/2016\/02\/0-logo-coop-liguria-istituz-1-314x183.jpg 314w\" sizes=\"(max-width: 154px) 100vw, 154px\" \/>Coop non \u00e8 un&#8217;impresa come tutte le altre: \u00e8 un&#8217;organizzazione di consumatori nata per soddisfare le esigenze di approvvigionamento delle famiglie. Con oltre 545 mila Soci, oggi \u00e8 la pi\u00f9 grande realt\u00e0 associativa presente nella regione e continua a impegnarsi per garantire ai Soci e ai consumatori beni e servizi di qualit\u00e0 al giusto prezzo, per salvaguardare il potere d&#8217;acquisto delle famiglie, ma anche per soddisfare bisogni che non hanno nulla a che fare con la spesa di tutti i giorni, con l&#8217;obiettivo di migliorare a tutto tondo la vita delle persone.<\/p>\n<h6 align=\"justify\"><a href=\"http:\/\/www.grupposerenissima.it\/\">SERENISSIMA RISTORAZIONE<\/a><\/h6>\n<p align=\"justify\"><img loading=\"lazy\" class=\"wp-image-205 alignright\" src=\"http:\/\/gaiaeatsafely.it\/wp-content\/uploads\/2016\/02\/SERENISSIMA-300x166.png\" alt=\"SERENISSIMA\" width=\"140\" height=\"78\" srcset=\"http:\/\/gaiaeatsafely.it\/wp-content\/uploads\/2016\/02\/SERENISSIMA-300x166.png 300w, http:\/\/gaiaeatsafely.it\/wp-content\/uploads\/2016\/02\/SERENISSIMA-768x426.png 768w, http:\/\/gaiaeatsafely.it\/wp-content\/uploads\/2016\/02\/SERENISSIMA-772x428.png 772w, http:\/\/gaiaeatsafely.it\/wp-content\/uploads\/2016\/02\/SERENISSIMA-314x174.png 314w, http:\/\/gaiaeatsafely.it\/wp-content\/uploads\/2016\/02\/SERENISSIMA.png 1020w\" sizes=\"(max-width: 140px) 100vw, 140px\" \/>Il Gruppo Serenissima Ristorazione \u00e8 oggi una delle realt\u00e0 italiane pi\u00f9 importanti nel campo della ristorazione commerciale e collettiva. Il nostro staff \u00e8 in grado di elaborare forniture di servizi su misura e di offrire soluzioni progettuali personalizzate studiate secondo esigenze specifiche. Questa capacit\u00e0 di adattarsi alla realt\u00e0 del cliente si attua grazie alla diversificazione in attivit\u00e0 complementari che, facendo capo ad un unico interlocutore, consentono una maggiore snellezza amministrativaIO<\/p>\n<h6 align=\"justify\"><a href=\"http:\/\/www.confindustria.ge.it\/\">CONFINDUSTRIA GENOVA<\/a><\/h6>\n<p align=\"justify\"><img loading=\"lazy\" class=\"wp-image-206 alignright\" src=\"http:\/\/gaiaeatsafely.it\/wp-content\/uploads\/2016\/02\/ConfindustriaGenova_rgb1-300x194.jpg\" alt=\"ConfindustriaGenova_rgb1\" width=\"146\" height=\"94\" srcset=\"http:\/\/gaiaeatsafely.it\/wp-content\/uploads\/2016\/02\/ConfindustriaGenova_rgb1-300x194.jpg 300w, http:\/\/gaiaeatsafely.it\/wp-content\/uploads\/2016\/02\/ConfindustriaGenova_rgb1-768x497.jpg 768w, http:\/\/gaiaeatsafely.it\/wp-content\/uploads\/2016\/02\/ConfindustriaGenova_rgb1-1024x663.jpg 1024w, http:\/\/gaiaeatsafely.it\/wp-content\/uploads\/2016\/02\/ConfindustriaGenova_rgb1-772x500.jpg 772w, http:\/\/gaiaeatsafely.it\/wp-content\/uploads\/2016\/02\/ConfindustriaGenova_rgb1-297x192.jpg 297w, http:\/\/gaiaeatsafely.it\/wp-content\/uploads\/2016\/02\/ConfindustriaGenova_rgb1.jpg 1205w\" sizes=\"(max-width: 146px) 100vw, 146px\" \/>Confindustria nasce come Consorzio Industriale Ligure nel 1901 e aderisce alla Confederazione Italiana dell\u2019Industria nel 1910. Si ricostituisce poi come Associazione degli Industriali della Provincia di Genova nel 1945.\u00a0Oggi, Confindustria, con 1130 Aziende associate per complessivi 60mila addetti, \u00e8 tra le prime dieci associazioni del sistema Confindustria.<\/p>\n<h6 align=\"justify\"><a href=\"http:\/\/www.otalombardialiguria.org\">OTALL<\/a><\/h6>\n<p><img loading=\"lazy\" class=\"size-medium wp-image-280 alignright\" src=\"http:\/\/gaiaeatsafely.it\/wp-content\/uploads\/2016\/02\/OTA-1-300x69.png\" alt=\"OTA Regione Lombardia e Liguria\" width=\"300\" height=\"69\" srcset=\"http:\/\/gaiaeatsafely.it\/wp-content\/uploads\/2016\/02\/OTA-1-300x69.png 300w, http:\/\/gaiaeatsafely.it\/wp-content\/uploads\/2016\/02\/OTA-1-768x177.png 768w, http:\/\/gaiaeatsafely.it\/wp-content\/uploads\/2016\/02\/OTA-1-772x178.png 772w, http:\/\/gaiaeatsafely.it\/wp-content\/uploads\/2016\/02\/OTA-1-314x72.png 314w, http:\/\/gaiaeatsafely.it\/wp-content\/uploads\/2016\/02\/OTA-1.png 941w\" sizes=\"(max-width: 300px) 100vw, 300px\" \/><\/p>\n<p>L\u2019ordine professionale dei tecnologi alimentari vigila sulla correttezza ed eticit\u00e0 delle attivit\u00e0 degli iscritti nel rispetto del codice deontologico, ne favorisce e verifica il costante aggiornamento, mette in relazione le competenze professionali degli iscritti con il pubblico ed il privato per favorirne occupazione e valorizzazione, si relaziona con le Universit\u00e0 italiane, Ministeri e altre istituzioni pubbliche per la promozione e lo sviluppo della figura professionale, si occupa di promuovere culturalmente e dare visibilit\u00e0 ai professionisti iscritti.<\/p>\n<h6><a href=\"http:\/\/www.ristocloud.it\">ristoCLOUD<\/a><\/h6>\n<p><img loading=\"lazy\" class=\"wp-image-208 alignright\" src=\"http:\/\/gaiaeatsafely.it\/wp-content\/uploads\/2016\/02\/Logo-ristoCLOUD-01-300x147.png\" alt=\"Logo - ristoCLOUD-01\" width=\"161\" height=\"79\" srcset=\"http:\/\/gaiaeatsafely.it\/wp-content\/uploads\/2016\/02\/Logo-ristoCLOUD-01-300x147.png 300w, http:\/\/gaiaeatsafely.it\/wp-content\/uploads\/2016\/02\/Logo-ristoCLOUD-01-768x377.png 768w, http:\/\/gaiaeatsafely.it\/wp-content\/uploads\/2016\/02\/Logo-ristoCLOUD-01-1024x502.png 1024w, http:\/\/gaiaeatsafely.it\/wp-content\/uploads\/2016\/02\/Logo-ristoCLOUD-01-772x379.png 772w, http:\/\/gaiaeatsafely.it\/wp-content\/uploads\/2016\/02\/Logo-ristoCLOUD-01-1230x603.png 1230w, http:\/\/gaiaeatsafely.it\/wp-content\/uploads\/2016\/02\/Logo-ristoCLOUD-01-314x154.png 314w\" sizes=\"(max-width: 161px) 100vw, 161px\" \/>ristoCLOUD \u00e8 la prima piattaforma CLOUD ad aver ottenuto la Certificazione di prodotto in conformit\u00e0 al Regolamento UE 1169\/2011, sulla informazione da fornire al Consumatore finale, riguardo alle sostanze che possono provocare allergie e intolleranze presenti nel Menu offerto dalla Ristorazione Commerciale e Collettiva. RistoCLOUD inoltre sta ottenendo una ulteriore Certificazione quale supporto informatico ai sensi della norma UNI 11584:2015 per fornire gli elementi per progettare i men\u00f9 destinati alla ristorazione collettiva.<\/p>\n<h6><a href=\"http:\/\/www.eufic.org\/index\/it\/\">The European Food Information Council<\/a><\/h6>\n<p><img loading=\"lazy\" class=\"wp-image-440 alignright\" src=\"http:\/\/gaiaeatsafely.it\/wp-content\/uploads\/2016\/02\/mcg4mjpt03z5jskn8qje-300x286.jpeg\" alt=\"mcg4mjpt03z5jskn8qje\" width=\"144\" height=\"137\" srcset=\"http:\/\/gaiaeatsafely.it\/wp-content\/uploads\/2016\/02\/mcg4mjpt03z5jskn8qje-300x286.jpeg 300w, http:\/\/gaiaeatsafely.it\/wp-content\/uploads\/2016\/02\/mcg4mjpt03z5jskn8qje-201x192.jpeg 201w, http:\/\/gaiaeatsafely.it\/wp-content\/uploads\/2016\/02\/mcg4mjpt03z5jskn8qje.jpeg 500w\" sizes=\"(max-width: 144px) 100vw, 144px\" \/><\/p>\n<p>European Food Information Council (EUFIC) \u00e8 un&#8217;organizzazione senza fini di lucro che fornisce informazioni scientificamente corrette sulla sicurezza e la qualit\u00e0 alimentare, la salute e la nutrizione, ai media, ai professionisti della salute e dell&#8217;alimentazione, agli educatori e agli opinion leader, in modo comprensibile per i consumatori. Tutte le informazioni pubblicate da EUFIC sono oggetto di un processo di revisione da parte dei membri del Scientific Advisory Board (SAB). Il SAB \u00e8 costituito da un gruppo di esperti rinomati provenienti da tutta Europa che forniscono consulenza a EUFIC per i programmi di informazione e comunicazione, assicurando cos\u00ec che tutte le informazioni siano basate su prove scientifiche, siano pertinenti e realmente corrette. EUFIC consulta con altri esperti scientifici per realizzare ricerche di mercato sui consumatori e progetti di comunicazione scientifica.<\/p>","protected":false},"excerpt":{"rendered":"<p>Il Cluster GAIA FederASMA e ALLERGIE Onlus Federazione Italiana Pazienti, \u00e8 un\u2019organizzazione non lucrativa di utilit\u00e0 sociale che dal 1994 riunisce le principali Associazioni italiane di pazienti che sostengono la lotta all\u2019asma e alle malattie allergiche, attiva, con numerose associazioni territoriali affiliate, in azioni di tutela dei pazienti. L\u2019informazione, la gestione ed il controllo della &hellip; <a href=\"http:\/\/gaiaeatsafely.it\/?page_id=5\" class=\"more-link\">Continua a leggere <span class=\"screen-reader-text\">Chi siamo<\/span><\/a><\/p>\n","protected":false},"author":1,"featured_media":0,"parent":0,"menu_order":0,"comment_status":"closed","ping_status":"open","template":"","meta":[],"_links":{"self":[{"href":"http:\/\/gaiaeatsafely.it\/index.php?rest_route=\/wp\/v2\/pages\/5"}],"collection":[{"href":"http:\/\/gaiaeatsafely.it\/index.php?rest_route=\/wp\/v2\/pages"}],"about":[{"href":"http:\/\/gaiaeatsafely.it\/index.php?rest_route=\/wp\/v2\/types\/page"}],"author":[{"embeddable":true,"href":"http:\/\/gaiaeatsafely.it\/index.php?rest_route=\/wp\/v2\/users\/1"}],"replies":[{"embeddable":true,"href":"http:\/\/gaiaeatsafely.it\/index.php?rest_route=%2Fwp%2Fv2%2Fcomments&post=5"}],"version-history":[{"count":16,"href":"http:\/\/gaiaeatsafely.it\/index.php?rest_route=\/wp\/v2\/pages\/5\/revisions"}],"predecessor-version":[{"id":441,"href":"http:\/\/gaiaeatsafely.it\/index.php?rest_route=\/wp\/v2\/pages\/5\/revisions\/441"}],"wp:attachment":[{"href":"http:\/\/gaiaeatsafely.it\/index.php?rest_route=%2Fwp%2Fv2%2Fmedia&parent=5"}],"curies":[{"name":"wp","href":"https:\/\/api.w.org\/{rel}","templated":true}]}}