{"id":234,"date":"2016-02-22T16:21:08","date_gmt":"2016-02-22T15:21:08","guid":{"rendered":"http:\/\/gaiaeatsafely.it\/?page_id=234"},"modified":"2016-09-27T11:39:42","modified_gmt":"2016-09-27T09:39:42","slug":"eventi","status":"publish","type":"page","link":"http:\/\/gaiaeatsafely.it\/?page_id=234","title":{"rendered":"Eventi"},"content":{"rendered":"<p><\/p>\n<h1><span style=\"color: #58b14d;\">2016<\/span><\/h1>\n<h4>ARENZANO\u00a0&#8211;\u00a01\u00b0Congresso inter-regionale AAIITO<\/h4>\n<p>Le malattie allergiche sono in aumento in tutti i paesi\u00a0occidentali e rappresentano, oramai, in Italia, la terza\u00a0patologia cronica. Tali patologie richiedono un notevole\u00a0sforzo da parte dei medici di Medicina Generale e spesso\u00a0non trovano risposte rapide dallo specialista allergologo,\u00a0determinando un&#8217;inappropriata gestione del paziente\u00a0allergico.<br \/>\n<a href=\"http:\/\/gaiaeatsafely.it\/?p=526\">Continua a leggere<\/a><\/p>\n<hr \/>\n<h4>GENOVA\u00a0&#8211; Regolamento CE 1169\/11<\/h4>\n<p>Il Regolamento CE 1169\/2011 disciplina la fornitura di informazioni sugli alimenti ai consumatori.<br \/>\n<a href=\"http:\/\/gaiaeatsafely.it\/?p=480\">Continua a leggere<\/a><\/p>\n<hr \/>\n<h4>MILANO\u00a0&#8211; Spazio Nutrizione<\/h4>\n<p>SPAZIO NUTRIZIONE, Congresso Internazionale, a Milano presso il Mi.Co. Milano Congressi dal 5 al 7 Maggio.<br \/>\nGrazie alla nuova Partnership, siglata con Fiera Milano, Spazio Nutrizione vuole diventare l\u2019evento di riferimento nazionale ed Internazionale il cui obiettivo \u00e8 la divulgazione dei principi di corretta e sana alimentazione, portando la parte scientifica e convegnistica all\u2019interno di TUTTO FOOD, nell\u2019area TUTTO HEALTH a partire dal 2017.<br \/>\nL\u2019Universit\u00e0 di Milano, ha inoltre definito Spazio Nutrizione come l\u2019evento che si far\u00e0 carico di portare avanti e approfondire i temi trattati all\u2019interno di EXPO MILANO 2015.<br \/>\n<a href=\"http:\/\/gaiaeatsafely.it\/?p=415\">Continua a leggere<\/a><\/p>\n<hr \/>\n<h4>PADOVA\u00a0&#8211; World Allergen Food<\/h4>\n<p>Nasce WORLD ALLERGEN FOOD, l\u2019iniziativa che raccoglie la sfida alimentare di pi\u00f9 del 9% della popolazione italiana affetta da allergie e intolleranze alimentari.<br \/>\nLe allergie alimentari interessano il 3% della popolazione con maggiore incidenza nell\u2019et\u00e0 pediatrica (circa 1.800.000 persone ne sono colpite), mentre pi\u00f9 del 6% della popolazione \u00e8 affetta da intolleranze alimentari.<br \/>\n<a href=\"http:\/\/gaiaeatsafely.it\/?p=406\">Continua a leggere<\/a><\/p>\n<hr \/>\n<h4>GENOVA\u00a0&#8211; Mangiare bene in tutta sicurezza<\/h4>\n<p>Un incontro sinergico, pratico, di supporto nei confronti del cittadino in cui verranno chiariti gli obiettivi di GAIA, progetto gi\u00e0 presentato ad Expo e mirato a favorire l\u2019incontro tra la richiesta del consumatore e l\u2019offerta degli operatori del settore alimentare in Liguria gi\u00e0 impegnati nel dare risposte di qualit\u00e0.<br \/>\n<a href=\"http:\/\/gaiaeatsafely.it\/?page_id=253\">Continua a leggere<\/a><\/p>\n<hr \/>\n<h4>GENOVA &#8211; Gluten Free<\/h4>\n<p>Torna Genova Gluten Free, dopo il successo dello scorso anno.\u00a0La seconda edizione si svolger\u00e0 ai Magazzini del Cotone, Porto antico di Genova.\u00a0L&#8217;incontro informativo \u2013 formativo, intitolato \u201cLa gestione della celiachia e delle allergie alimentari al ristorante\u201d, sar\u00e0 moderato da Luigi Gia, capo redattore Affari Finanza di Repubblica.<br \/>\n<a href=\"http:\/\/www.genovaglutenfree.it\">Continua a leggere sul sito AIC<\/a><\/p>\n<hr \/>\n<h1><span style=\"color: #58b14d;\">2015<\/span><\/h1>\n<h4>EXPO MILANO\u00a0&#8211; International seminar\u00a0on food allergy and\u00a0coeliac disease<\/h4>\n<p>Venerd\u00ec 11 settembre 2015 presso l\u2019auditorium di Padiglione Italia si \u00e8 tenuto un convegno di altissimo livello e spessore internazionale.<br \/>\n<a href=\"http:\/\/gaiaeatsafely.it\/?page_id=31\">Continua a leggere<\/a><\/p>\n<hr \/>\n<h4>GENOVA &#8211; Doctors for Allergy<\/h4>\n<p>Allergie e asma bronchiale interessano un quarto della popolazione generale, e l&#8217;incremento delle allergie alimentari rappresenta una ulteriore sfida per i professionisti del SSN.<br \/>\n<a href=\"http:\/\/gaiaeatsafely.it\/wp-content\/uploads\/2016\/02\/allergologiaprogramma.pdf\">Scarica la brochure<\/a><\/p>\n<hr \/>\n<h4>ALBENGA &#8211; Allergeni, comunicazione al consumatore<\/h4>\n<p>Comunicazione al consumatore, gestione nella produzione alimentare e responsabilit\u00e0 dell&#8217;OSA.<br \/>\n<a href=\"http:\/\/gaiaeatsafely.it\/wp-content\/uploads\/2016\/02\/2015DepliantAllergeniSV.pdf\">Scarica la brochure<\/a><\/p>\n<hr \/>\n<h4>BERGAMO &#8211; Congresso nazionale AAITO<\/h4>\n<p>Alimentazione \u00a0ambiente ed energia: \u00a0rischi ed opportunit\u00e0.<br \/>\nScarica gli articoli: <a href=\"http:\/\/gaiaeatsafely.it\/wp-content\/uploads\/2016\/02\/iltempo.pdf\">da &#8220;Il Tempo&#8221;<\/a> &#8211; <a href=\"http:\/\/gaiaeatsafely.it\/wp-content\/uploads\/2016\/02\/panoramasanita.pdf\">da &#8220;Panorama della Sanit\u00e0&#8221;<\/a><\/p>\n<hr \/>\n<h4>GENOVA\u00a0&#8211; Festival della Scienza<\/h4>\n<p>Gli equilibri del gusto: Nuovi alimenti&#8230;nuove intolleranze.<br \/>\n<a href=\"http:\/\/gaiaeatsafely.it\/wp-content\/uploads\/2016\/02\/equilibrio_ingredienti.pdf\">Scarica la brochure<\/a><\/p>\n<p>Ingredienti in equilibrio:\u00a0Diete, salute e allergie.<br \/>\n<a href=\"http:\/\/gaiaeatsafely.it\/wp-content\/uploads\/2016\/02\/Gli_equilibri_del_gusto.pdf\">Scarica la brochure<\/a><\/p>\n<p>Ingredienti in equilibrio:\u00a0Diete, salute e allergie.<br \/>\n<a href=\"#\">Scarica la brochure<\/a><\/p>","protected":false},"excerpt":{"rendered":"<p>2016 ARENZANO\u00a0&#8211;\u00a01\u00b0Congresso inter-regionale AAIITO Le malattie allergiche sono in aumento in tutti i paesi\u00a0occidentali e rappresentano, oramai, in Italia, la terza\u00a0patologia cronica. Tali patologie richiedono un notevole\u00a0sforzo da parte dei medici di Medicina Generale e spesso\u00a0non trovano risposte rapide dallo specialista allergologo,\u00a0determinando un&#8217;inappropriata gestione del paziente\u00a0allergico. Continua a leggere GENOVA\u00a0&#8211; Regolamento CE 1169\/11 Il Regolamento &hellip; <a href=\"http:\/\/gaiaeatsafely.it\/?page_id=234\" class=\"more-link\">Continua a leggere <span class=\"screen-reader-text\">Eventi<\/span><\/a><\/p>\n","protected":false},"author":1,"featured_media":0,"parent":0,"menu_order":0,"comment_status":"closed","ping_status":"closed","template":"","meta":[],"_links":{"self":[{"href":"http:\/\/gaiaeatsafely.it\/index.php?rest_route=\/wp\/v2\/pages\/234"}],"collection":[{"href":"http:\/\/gaiaeatsafely.it\/index.php?rest_route=\/wp\/v2\/pages"}],"about":[{"href":"http:\/\/gaiaeatsafely.it\/index.php?rest_route=\/wp\/v2\/types\/page"}],"author":[{"embeddable":true,"href":"http:\/\/gaiaeatsafely.it\/index.php?rest_route=\/wp\/v2\/users\/1"}],"replies":[{"embeddable":true,"href":"http:\/\/gaiaeatsafely.it\/index.php?rest_route=%2Fwp%2Fv2%2Fcomments&post=234"}],"version-history":[{"count":27,"href":"http:\/\/gaiaeatsafely.it\/index.php?rest_route=\/wp\/v2\/pages\/234\/revisions"}],"predecessor-version":[{"id":532,"href":"http:\/\/gaiaeatsafely.it\/index.php?rest_route=\/wp\/v2\/pages\/234\/revisions\/532"}],"wp:attachment":[{"href":"http:\/\/gaiaeatsafely.it\/index.php?rest_route=%2Fwp%2Fv2%2Fmedia&parent=234"}],"curies":[{"name":"wp","href":"https:\/\/api.w.org\/{rel}","templated":true}]}}