{"id":12,"date":"2016-02-10T19:28:52","date_gmt":"2016-02-10T18:28:52","guid":{"rendered":"https:\/\/gaiaeatsafelyliguria.wordpress.com\/?page_id=12"},"modified":"2016-04-06T10:54:25","modified_gmt":"2016-04-06T08:54:25","slug":"12-2","status":"publish","type":"page","link":"http:\/\/gaiaeatsafely.it\/?page_id=12","title":{"rendered":"Ristorazione sicura"},"content":{"rendered":"<p><\/p>\n<h2>\u00a0<strong>A scuola:<\/strong><\/h2>\n<p>Il <strong>Comune di Genova<\/strong> ha elaborato da anni la predisposizione di Linee Guida della Ristorazione che permettono di mettere in atto procedure condivise per l\u2019erogazione di diete sanitarie, garantendo la sicurezza degli alunni che frequentano le mense scolastiche.<br \/>\nL\u2019utilit\u00e0 e l\u2019efficacia di tale strumento si misura nella realt\u00e0 quotidiana delle scuole.<\/p>\n<p align=\"justify\">\u00e8 stato istituito il <strong>Comitato Tecnico Scientifico della Ristorazione.<\/strong><br \/>\nIl Comune di Genova ha adottato delle ISTRUZIONI OPERATIVE per la preparazione e distribuzione delle diete atte a garantire la sicurezza igenico-sanitaria\u00a0 della dieta di tali soggetti (<strong>Linee guida Erogazione Diete Speciali<\/strong>).<br \/>\nNel 2007 \u00e8 nato il progetto di un \u201cProtocollo d\u2019Intesa\u201d, mirato alla salute del bambino\/bambina affetti da allergie gravi a rischio vita (rischio anafilassi), che deve essere tutelato per l\u2019intero arco della sua giornata scolastica, e non solo nei momenti di fruizione del pasto, garantendo inoltre la somministrazione di adrenalina autoiniettabile, con la stesura delle <strong>Linee Guida Somministrazione Farmaci Salvavita<\/strong>.<\/p>\n<p>Il progetto anafilassi \u00e8 incluso, insieme ad altri progetti del Comune di Genova, nel circuito Europeo di \u201cCITT\u00c0 SANE\u201d<\/p>\n<p><img loading=\"lazy\" class=\" aligncenter\" src=\"http:\/\/www.gaiamangiarebeneliguria.it\/images\/Convegno_Citt%C3%A0_Sane.jpg\" alt=\"\" width=\"275\" height=\"194\" \/><\/p>\n<p>Il <strong>Servizio di Ristorazione del Comune di Genova<\/strong> nel\u00a0 1996\/97 ha elaborato la prima dieta priva di glutine , anticipando\u00a0 la legge 123\/2005 che sancisce l\u2019obbligo per le mense delle strutture pubbliche scolastiche e ospedaliere di fornire pasti sicuri senza glutine previa richiesta degli interessati. Il Comune di Genova ben consapevole che il rischio di contaminazione da glutine nella dieta del celiaco \u00e8 sempre presente ha\u00a0 adottato delle ISTRUZIONI OPERATIVE per la preparazione e distribuzione delle diete atte a garantire la sicurezza igenico- sanitaria\u00a0 della dieta del celiaco.<\/p>\n<h2><strong>Al ristorante:<\/strong><\/h2>\n<p>Il 22 Novembre 2011 \u00e8 stato pubblicato il regolamento comunitario 1169\/2011\/UE che riforma l&#8217;informazione del consumatore nel settore alimentare.<\/p>\n<p><strong>Le principali novit\u00e0 :<\/strong><br \/>\nIl nuovo Regolamento modifica tutte le Direttive europee precedenti, e nello stesso tempo anche le normative nazionali, compreso il Decreto Legislativo 109\/92 e successive modifiche, che sta alla base della normativa generale sull\u2019etichettatura degli alimenti. Obiettivo del regolamento, <strong>in vigore a partire dal 13 dicembre 2014<\/strong>, \u00e8 quello di armonizzare tutte le norme dei paesi UE su tre punti chiave:<\/p>\n<ul>\n<li>la presentazione e la pubblicit\u00e0 degli alimenti,<\/li>\n<li>l\u2019indicazione corretta dei principi nutritivi e del relativo apporto calorico,<\/li>\n<li>\u00a0le informazioni sulla presenza di ingredienti che possono provocare allergie.<\/li>\n<\/ul>\n<p>L\u2019intento \u00e8 quello di rafforzare la salvaguardia e la <strong>tutela della salute dei consumatori, <\/strong>fornendo maggiori informazioni sui prodotti alimentari.<br \/>\nUna delle pi\u00f9 significative novit\u00e0 in vigore a partire dal 13 dicembre 2014 \u00e8 che accanto all\u2019obbligo, gi\u00e0 previsto nell\u2019ultima rivisitazione del DLgs 109\/92, di indicare gli <strong>allergeni <\/strong>sia sui prodotti preconfezionati, sia sui prodotti venduti allo stato sfuso, viene introdotto l\u2019obbligo di indicarli <strong>anche nei prodotti alimentari SOMMINISTRATI NEI RISTORANTI, NELLE MENSE e NEI BAR CON ANNESSA RISTORAZIONE.<\/strong><br \/>\n<strong>Elenco delle indicazioni obbligatorie:<\/strong><\/p>\n<ol>\n<li>La denominazione dell\u2019alimento<\/li>\n<li>L\u2019elenco degli ingredienti<\/li>\n<li>Qualsiasi ingrediente o coadiuvante tecnologico che provochi allergie o intolleranze usato nella fabbricazione o nella preparazione di un alimento e ancora presente nel prodotto finito anche se in forma alterata.<\/li>\n<li>La quantit\u00e0 di taluni ingredienti o categorie di ingredienti<\/li>\n<li>La quantit\u00e0 netta dell\u2019alimento<\/li>\n<li>Il termine minimo di conservazione o la data di scadenza.<\/li>\n<li>Le condizioni particolari di conservazione e\/o le condizioni di impiego.<\/li>\n<li>Il nome o la ragione sociale e l\u2019indirizzo dell\u2019operatore del settore alimentare.<\/li>\n<li>Il paese di origine o il luogo di provenienza.<\/li>\n<li>Istruzioni per l\u2019uso, per i casi in cui la loro omissione renderebbe difficile l\u2019uso adeguato dell\u2019alimento.<\/li>\n<li>Per le bevande che contengono pi\u00f9 di 1,2% di alcol in volume, il titolo alcolimetrico volume effettivo.<\/li>\n<li>Una dichiarazione nutrizionale.<\/li>\n<\/ol>\n<p><strong>Link<\/strong><\/p>\n<ul>\n<li><a href=\"http:\/\/gaiaeatsafely.it\/wp-content\/uploads\/2016\/02\/Istr_op_preparazione_diete_ristoratori.pdf\">Istruzione per gli operatori (PDF 61 kb)<\/a><\/li>\n<li><a href=\"http:\/\/gaiaeatsafely.it\/wp-content\/uploads\/2016\/02\/Depliant_alberghiero.pdf\">Brochure alberghiero<\/a><\/li>\n<li><a href=\"http:\/\/gaiaeatsafely.it\/wp-content\/uploads\/2016\/02\/ristoranti_genova_gourmet.pdf\">Elenco ristoranti genova gourmet<\/a><\/li>\n<li><a href=\"http:\/\/gaiaeatsafely.it\/wp-content\/uploads\/2016\/02\/CartelloAllergeniGAIA.pdf\">Cartello allergeni (PDF 354 kb)<\/a><\/li>\n<li><a href=\"http:\/\/gaiaeatsafely.it\/wp-content\/uploads\/2016\/02\/Progetto-GAIA-def.pdf\">Brochure Gaia (PDF 2377 kb)<\/a><\/li>\n<li><a href=\"http:\/\/gaiaeatsafely.it\/wp-content\/uploads\/2016\/02\/BrochureEAT.pdf\">Brochure ristoCLOUD (PDF 883 kb)<\/a><\/li>\n<\/ul>\n<h2><strong>A casa:<\/strong><\/h2>\n<p>Se volete mangiare sicuri a casa vi suggeriamo di consultare il nostro libretto \u201cMangiare bene Coop\u201d qui allegato, in cui troverete delle ottime ricette senza rischiare!!<\/p>\n<p>Consulta il nostro libretto:<\/p>\n<ul>\n<li><a href=\"http:\/\/gaiaeatsafely.it\/wp-content\/uploads\/2016\/02\/Mangiare_bene_COOP.pdf\">Mangiare Bene Coop &#8211; (PDF 943 Kb)<\/a><\/li>\n<\/ul>\n<p><\/p>","protected":false},"excerpt":{"rendered":"<p>\u00a0A scuola: Il Comune di Genova ha elaborato da anni la predisposizione di Linee Guida della Ristorazione che permettono di mettere in atto procedure condivise per l\u2019erogazione di diete sanitarie, garantendo la sicurezza degli alunni che frequentano le mense scolastiche. L\u2019utilit\u00e0 e l\u2019efficacia di tale strumento si misura nella realt\u00e0 quotidiana delle scuole. \u00e8 stato &hellip; <a href=\"http:\/\/gaiaeatsafely.it\/?page_id=12\" class=\"more-link\">Continua a leggere <span class=\"screen-reader-text\">Ristorazione sicura<\/span><\/a><\/p>\n","protected":false},"author":1,"featured_media":0,"parent":0,"menu_order":0,"comment_status":"closed","ping_status":"closed","template":"page-templates\/full-width-page.php","meta":[],"_links":{"self":[{"href":"http:\/\/gaiaeatsafely.it\/index.php?rest_route=\/wp\/v2\/pages\/12"}],"collection":[{"href":"http:\/\/gaiaeatsafely.it\/index.php?rest_route=\/wp\/v2\/pages"}],"about":[{"href":"http:\/\/gaiaeatsafely.it\/index.php?rest_route=\/wp\/v2\/types\/page"}],"author":[{"embeddable":true,"href":"http:\/\/gaiaeatsafely.it\/index.php?rest_route=\/wp\/v2\/users\/1"}],"replies":[{"embeddable":true,"href":"http:\/\/gaiaeatsafely.it\/index.php?rest_route=%2Fwp%2Fv2%2Fcomments&post=12"}],"version-history":[{"count":7,"href":"http:\/\/gaiaeatsafely.it\/index.php?rest_route=\/wp\/v2\/pages\/12\/revisions"}],"predecessor-version":[{"id":437,"href":"http:\/\/gaiaeatsafely.it\/index.php?rest_route=\/wp\/v2\/pages\/12\/revisions\/437"}],"wp:attachment":[{"href":"http:\/\/gaiaeatsafely.it\/index.php?rest_route=%2Fwp%2Fv2%2Fmedia&parent=12"}],"curies":[{"name":"wp","href":"https:\/\/api.w.org\/{rel}","templated":true}]}}